{"id":5852,"date":"2026-01-09T14:07:46","date_gmt":"2026-01-09T13:07:46","guid":{"rendered":"https:\/\/ermutigungswelle.de\/?page_id=5852"},"modified":"2026-01-09T14:51:33","modified_gmt":"2026-01-09T13:51:33","slug":"55-endrra-ime-e-ditelindjes","status":"publish","type":"page","link":"https:\/\/ermutigungswelle.de\/sq\/55-endrra-ime-e-ditelindjes\/","title":{"rendered":"55 \u2013 \u00cbndrra ime e dit\u00eblindjes"},"content":{"rendered":"<p>[et_pb_section fb_built=&#8221;1&#8243; admin_label=&#8221;Hero&#8221; _builder_version=&#8221;4.27.5&#8243; use_background_color_gradient=&#8221;on&#8221; background_color_gradient_direction=&#8221;70deg&#8221; background_color_gradient_stops=&#8221;#8cafdb 0%|rgba(128,103,79,0.5) 100%&#8221; background_color_gradient_overlays_image=&#8221;on&#8221; background_color_gradient_start=&#8221;#283d4b&#8221; background_color_gradient_end=&#8221;rgba(128,103,79,0.5)&#8221; background_image=&#8221;https:\/\/ermutigungswelle.de\/wp-content\/uploads\/2026\/01\/staerken.jpg&#8221; background_position=&#8221;bottom_center&#8221; custom_margin=&#8221;||||false|false&#8221; custom_padding=&#8221;11vw||||false|false&#8221; bottom_divider_style=&#8221;mountains2&#8243; bottom_divider_color=&#8221;#eff5fc&#8221; bottom_divider_height=&#8221;20vw&#8221; bottom_divider_repeat=&#8221;0.5x&#8221; bottom_divider_flip=&#8221;horizontal|vertical&#8221; global_colors_info=&#8221;{}&#8221; background__hover_enabled=&#8221;off|desktop&#8221; background_image__hover=&#8221;https:\/\/ermutigungswelle.de\/wp-content\/uploads\/2025\/01\/urban_mood.jpg&#8221; background_enable_image__hover=&#8221;on&#8221; use_background_color_gradient__hover=&#8221;on&#8221; background_color_gradient_stops__hover=&#8221;#8cafdb 1%|rgba(128,103,79,0.5) 100%&#8221; locked=&#8221;off&#8221; theme_builder_area=&#8221;post_content&#8221;][et_pb_row _builder_version=&#8221;4.27.4&#8243; custom_margin=&#8221;|||&#8221; custom_padding=&#8221;27px|0px|0|0px|false|false&#8221; global_colors_info=&#8221;{}&#8221; theme_builder_area=&#8221;post_content&#8221;][et_pb_column type=&#8221;4_4&#8243; _builder_version=&#8221;4.16&#8243; custom_padding=&#8221;|||&#8221; global_colors_info=&#8221;{}&#8221; custom_padding__hover=&#8221;|||&#8221; theme_builder_area=&#8221;post_content&#8221;][et_pb_divider show_divider=&#8221;off&#8221; _builder_version=&#8221;4.27.5&#8243; _module_preset=&#8221;default&#8221; height=&#8221;250px&#8221; global_colors_info=&#8221;{}&#8221; theme_builder_area=&#8221;post_content&#8221;][\/et_pb_divider][\/et_pb_column][\/et_pb_row][et_pb_row use_custom_gutter=&#8221;on&#8221; gutter_width=&#8221;1&#8243; disabled_on=&#8221;on|off|off&#8221; module_class=&#8221; et_pb_row_fullwidth&#8221; _builder_version=&#8221;4.16&#8243; width=&#8221;100%&#8221; width_tablet=&#8221;100%&#8221; width_phone=&#8221;100%&#8221; width_last_edited=&#8221;on|desktop&#8221; max_width=&#8221;100%&#8221; max_width_tablet=&#8221;100%&#8221; max_width_phone=&#8221;100%&#8221; max_width_last_edited=&#8221;on|desktop&#8221; make_fullwidth=&#8221;on&#8221; locked=&#8221;off&#8221; global_colors_info=&#8221;{}&#8221; theme_builder_area=&#8221;post_content&#8221;][et_pb_column type=&#8221;4_4&#8243; _builder_version=&#8221;4.16&#8243; custom_padding=&#8221;|||&#8221; global_colors_info=&#8221;{}&#8221; custom_padding__hover=&#8221;|||&#8221; theme_builder_area=&#8221;post_content&#8221;][et_pb_text _builder_version=&#8221;4.27.4&#8243; text_font=&#8221;|700||on|||||&#8221; text_text_color=&#8221;rgba(255,255,255,0.2)&#8221; text_font_size=&#8221;15vw&#8221; text_line_height=&#8221;1em&#8221; quote_font=&#8221;||||||||&#8221; header_font=&#8221;||||||||&#8221; custom_margin=&#8221;||-0.4em|&#8221; custom_padding=&#8221;|||&#8221; filter_blur=&#8221;7px&#8221; animation_style=&#8221;slide&#8221; animation_direction=&#8221;right&#8221; animation_duration=&#8221;10000ms&#8221; animation_intensity_slide=&#8221;10%&#8221; animation_starting_opacity=&#8221;40%&#8221; animation_speed_curve=&#8221;linear&#8221; text_font_size_tablet=&#8221;124px&#8221; text_font_size_phone=&#8221;90px&#8221; text_font_size_last_edited=&#8221;off|desktop&#8221; global_colors_info=&#8221;{}&#8221; theme_builder_area=&#8221;post_content&#8221;]<\/p>\n<p>St\u00e4rken<\/p>\n<p>[\/et_pb_text][\/et_pb_column][\/et_pb_row][\/et_pb_section][et_pb_section fb_built=&#8221;1&#8243; custom_padding_last_edited=&#8221;on|desktop&#8221; admin_label=&#8221;Services&#8221; _builder_version=&#8221;4.27.4&#8243; background_color=&#8221;#eff5fc&#8221; custom_margin=&#8221;||||false|false&#8221; custom_margin_tablet=&#8221;-30px||||false|false&#8221; custom_margin_phone=&#8221;-30px||||false|false&#8221; custom_margin_last_edited=&#8221;on|tablet&#8221; custom_padding=&#8221;|0px||0|false|false&#8221; custom_padding_tablet=&#8221;20px||0px||false|false&#8221; custom_padding_phone=&#8221;20px||0px||false|false&#8221; global_colors_info=&#8221;{}&#8221; locked=&#8221;off&#8221; theme_builder_area=&#8221;post_content&#8221;][et_pb_row _builder_version=&#8221;4.27.4&#8243; custom_padding=&#8221;0px|0px|0|0px|false|false&#8221; global_colors_info=&#8221;{}&#8221; theme_builder_area=&#8221;post_content&#8221;][et_pb_column type=&#8221;4_4&#8243; _builder_version=&#8221;4.16&#8243; custom_padding=&#8221;|||&#8221; global_colors_info=&#8221;{}&#8221; custom_padding__hover=&#8221;|||&#8221; theme_builder_area=&#8221;post_content&#8221;][et_pb_text _builder_version=&#8221;4.27.5&#8243; text_font=&#8221;||||||||&#8221; text_text_color=&#8221;#2e6cac&#8221; text_font_size=&#8221;18px&#8221; text_line_height=&#8221;1.8em&#8221; header_font=&#8221;||||||||&#8221; header_text_color=&#8221;rgba(0,0,0,0)&#8221; header_2_font=&#8221;|700|||||||&#8221; header_2_text_color=&#8221;#004091&#8243; header_2_font_size=&#8221;48px&#8221; header_2_line_height=&#8221;1.4em&#8221; header_3_font=&#8221;|700||on|||||&#8221; header_3_text_color=&#8221;#004091&#8243; max_width=&#8221;700px&#8221; custom_margin=&#8221;|||&#8221; custom_margin_tablet=&#8221;|||&#8221; custom_margin_phone=&#8221;20px||||false|false&#8221; custom_margin_last_edited=&#8221;on|phone&#8221; custom_padding=&#8221;|||&#8221; hover_enabled=&#8221;0&#8243; header_2_font_size_tablet=&#8221;&#8221; header_2_font_size_phone=&#8221;24px&#8221; header_2_font_size_last_edited=&#8221;on|phone&#8221; header_2_line_height_tablet=&#8221;1.4em&#8221; header_2_line_height_phone=&#8221;&#8221; header_2_line_height_last_edited=&#8221;on|desktop&#8221; global_colors_info=&#8221;{}&#8221; theme_builder_area=&#8221;post_content&#8221; sticky_enabled=&#8221;0&#8243;]<\/p>\n<h3>55 \u2013 \u00cbndrra ime e dit\u00eblindjes<\/h3>\n<p>[\/et_pb_text][\/et_pb_column][\/et_pb_row][et_pb_row _builder_version=&#8221;4.16&#8243; global_colors_info=&#8221;{}&#8221; theme_builder_area=&#8221;post_content&#8221;][et_pb_column type=&#8221;4_4&#8243; _builder_version=&#8221;4.16&#8243; custom_padding=&#8221;|||&#8221; global_colors_info=&#8221;{}&#8221; custom_padding__hover=&#8221;|||&#8221; theme_builder_area=&#8221;post_content&#8221;][et_pb_text _builder_version=&#8221;4.27.5&#8243; text_font=&#8221;||||||||&#8221; text_text_color=&#8221;#2e6cac&#8221; text_font_size=&#8221;18px&#8221; text_line_height=&#8221;1.8em&#8221; hover_enabled=&#8221;0&#8243; locked=&#8221;off&#8221; global_colors_info=&#8221;{}&#8221; theme_builder_area=&#8221;post_content&#8221; sticky_enabled=&#8221;0&#8243;]55 \u2013 nj\u00eb num\u00ebr q\u00eb shpreh hir t\u00eb dyfisht\u00eb \u2013 p\u00ebr t\u00eb cilin kam edhe un\u00eb nevoj\u00eb.<br \/>\nPor edhe p\u00ebr urt\u00ebsi, q\u00eb nuk \u00ebsht\u00eb vet\u00ebm dije, por sjell jet\u00eb, sh\u00ebrim dhe hir.<br \/>\nK\u00ebt\u00eb ia uroj vetes.<\/p>\n<p>Kam nj\u00eb \u00ebnd\u00ebrr \u2013 ose m\u00eb mir\u00eb: nj\u00eb \u00ebnd\u00ebrr \u00ebsht\u00eb brenda meje.<br \/>\nNj\u00eb \u00ebnd\u00ebrr q\u00eb \u00ebsht\u00eb vendosur n\u00eb mua N\u00cb FILLIM.<br \/>\nJo si di\u00e7ka q\u00eb dikur, nj\u00ebher\u00eb e nj\u00eb koh\u00eb, ishte n\u00eb fillim, por si di\u00e7ka q\u00eb ende vepron brenda meje si nj\u00eb proces i vazhduesh\u00ebm.<br \/>\nPrandaj edhe emri Bereishit \u2013 N\u00cb FILLIM.<\/p>\n<p>\u00cbndrra ime.<br \/>\nNjer\u00ebzit, ve\u00e7an\u00ebrisht t\u00eb rinjt\u00eb, zbulojn\u00eb sa mrekullisht jan\u00eb krijuar.<br \/>\nAta zbulojn\u00eb se jan\u00eb krijuar nga Nj\u00eb q\u00eb i shikon me g\u00ebzim dhe dashuri.<br \/>\nQ\u00eb \u00ebsht\u00eb i mahnitur prej tyre \u2013 prej k\u00ebtij kryevepre q\u00eb \u00ebsht\u00eb \u00e7do njeri i vet\u00ebm.<br \/>\nQ\u00eb g\u00ebzohet thell\u00ebsisht p\u00ebr ta.<br \/>\nEdhe pse kjo gj\u00eb e mrekullueshme, kjo mrekulli q\u00eb ndodhet n\u00eb \u00e7do njeri, mund t\u00eb p\u00ebrdoret p\u00ebr t\u00eb mir\u00eb ose p\u00ebr t\u00eb keq.<\/p>\n<p>Njer\u00ebzit, ve\u00e7an\u00ebrisht t\u00eb rinjt\u00eb, zbulojn\u00eb se jan\u00eb t\u00eb bekuar \u2013 dhe se mund t\u00eb jen\u00eb nj\u00eb bekim.<br \/>\nQ\u00eb vazhdimisht zgjedhin t\u00eb duan t\u00eb jen\u00eb nj\u00eb bekim.<\/p>\n<p>Kjo \u00ebsht\u00eb \u00ebndrra ime.<br \/>\nNj\u00eb \u00ebnd\u00ebrr q\u00eb nuk \u00ebsht\u00eb vet\u00ebm nj\u00eb \u00ebnd\u00ebrr, por edhe nj\u00eb histori.<br \/>\nDi\u00e7ka q\u00eb tashm\u00eb ka ndodhur n\u00eb jet\u00ebn e disa njer\u00ebzve q\u00eb kam takuar.<\/p>\n<p>Kjo \u00ebsht\u00eb \u00ebndrra ime, t\u00eb cil\u00ebn dua ta realizoj s\u00ebrish.<br \/>\nN\u00eb nj\u00eb projekt t\u00eb ri.<br \/>\nNj\u00eb projekt n\u00eb t\u00eb cilin njer\u00ebzit, ve\u00e7an\u00ebrisht t\u00eb rinjt\u00eb, mund t\u00eb zbulojn\u00eb pikat e tyre t\u00eb forta dhe t\u2019i em\u00ebrtojn\u00eb me fjal\u00ebt e tyre.<br \/>\nN\u00eb t\u00eb cilin ata zbulojn\u00eb sa mrekullisht dhe n\u00eb m\u00ebnyr\u00eb unike jan\u00eb krijuar nga Nj\u00eb.<br \/>\nN\u00eb t\u00eb cilin gjejn\u00eb mund\u00ebsi p\u00ebr t\u2019i shnd\u00ebrruar pikat e tyre t\u00eb forta n\u00eb nj\u00eb bekim p\u00ebr t\u00eb tjer\u00ebt.<br \/>\nNj\u00eb projekt q\u00eb fillon n\u00eb hap\u00ebsira digjitale dhe k\u00ebshtu arrin edhe n\u00eb dhomat e t\u00eb rinjve t\u00eb vetmuar, por nj\u00ebkoh\u00ebsisht nd\u00ebrton ura drejt nj\u00eb bote takimesh dhe bashk\u00ebsie.<\/p>\n<p>Para 8 vitesh, filluam ta zhvillonim Sita e Pikave t\u00eb Forta n\u00eb form\u00eb analoge n\u00eb klasa shkollore, grupe rinore dhe me individ\u00eb, duke arritur mbi 1.200 t\u00eb rinj.<br \/>\nTani e kemi zhvilluar Sit\u00ebn e Pikave t\u00eb Forta si nj\u00eb aplikacion digjital dhe synojm\u00eb t\u00eb arrijm\u00eb 120.000 t\u00eb rinj.<br \/>\nNj\u00eb aplikacion q\u00eb mund t\u00eb nxirret nga xhepi n\u00eb \u00e7do koh\u00eb dhe kudo, me t\u00eb cilin t\u00eb rinjt\u00eb mund t\u00eb zbulojn\u00eb pikat e tyre t\u00eb forta \u2013 n\u00eb jet\u00ebn e p\u00ebrditshme, n\u00eb dhomat e tyre.<\/p>\n<p>Nj\u00eb aplikacion me t\u00eb cilin ata mund t\u00eb fillojn\u00eb n\u00eb m\u00ebnyr\u00eb digjitale, por edhe t\u00eb hyjn\u00eb n\u00eb kontakt me njer\u00ebz t\u00eb v\u00ebrtet\u00eb dhe t\u00eb p\u00ebrjetojn\u00eb coaching.<\/p>\n<p>Kam nj\u00eb \u00ebnd\u00ebrr \u2013 dhe nj\u00eb plan.<br \/>\nVersioni i par\u00eb i aplikacionit tashm\u00eb \u00ebsht\u00eb gati dhe n\u00eb p\u00ebrdorim. Mund ta provosh menj\u00ebher\u00eb.<br \/>\nTani aplikacioni do t\u00eb zgjerohet:<br \/>\nme nj\u00eb trajner me inteligjenc\u00eb artificiale q\u00eb mb\u00ebshtet zbulimin e pikave t\u00eb forta,<br \/>\nme qasje p\u00ebr trajner\u00eb t\u00eb v\u00ebrtet\u00eb q\u00eb zbulojn\u00eb pikat e forta bashk\u00eb me t\u00eb rinjt\u00eb,<br \/>\nme nj\u00eb gjenerator aplikimesh q\u00eb e mendon krejt\u00ebsisht ndryshe k\u00ebrkimin dhe gjetjen e studimeve, praktikave dhe vendeve t\u00eb pun\u00ebs.<\/p>\n<p>Ne duam t\u00eb krijojm\u00eb nj\u00eb rrjet ku punonj\u00ebs rinor\u00eb, punonj\u00ebs social\u00eb, edukator\u00eb dhe m\u00ebsues \u2013 njer\u00ebz q\u00eb tashm\u00eb jan\u00eb n\u00eb kontakt me t\u00eb rinjt\u00eb \u2013 ta p\u00ebrdorin Sit\u00ebn e Pikave t\u00eb Forta si nj\u00eb mjet shtes\u00eb.<\/p>\n<p>Ne duam t\u00eb kthehemi n\u00eb shkolla dhe, s\u00eb bashku me k\u00ebt\u00eb rrjet, ta prezantojm\u00eb Sit\u00ebn e Pikave t\u00eb Forta.<\/p>\n<p>Ndoshta k\u00ebshtu:<br \/>\np\u00ebr nj\u00eb jav\u00eb t\u00eb t\u00ebr\u00eb kalojm\u00eb n\u00ebp\u00ebr \u00e7do klas\u00eb dhe i ndihmojm\u00eb nx\u00ebn\u00ebsit t\u00eb zbulojn\u00eb pikat e tyre t\u00eb forta, dhe t\u00eb premten i ftojm\u00eb n\u00eb nj\u00eb event t\u00eb madh, ku ata m\u00ebsojn\u00eb p\u00ebr Nj\u00eb q\u00eb i ka krijuar mrekullisht dhe se pikat e tyre t\u00eb forta dhe jeta e tyre kan\u00eb kuptim.<\/p>\n<p>Por edhe pa nj\u00eb event, nx\u00ebn\u00ebsit mund t\u00eb q\u00ebndrojn\u00eb n\u00eb kontakt me ne.<br \/>\nDhe at\u00ebher\u00eb nuk jemi m\u00eb vet\u00ebm \u201cne\u201d, por shum\u00eb organizata q\u00eb e integrojn\u00eb Sit\u00ebn Digjitale t\u00eb Pikave t\u00eb Forta n\u00eb dizajnin e tyre n\u00eb faqet e internetit dhe e p\u00ebrdorin si mjetin e tyre.<\/p>\n<p>Kam nj\u00eb \u00ebnd\u00ebrr \u2013 dhe nj\u00eb plan.<br \/>\nTi mund t\u00eb b\u00ebhesh pjes\u00eb e k\u00ebsaj \u00ebndrre.<br \/>\nThjesht provo vet\u00eb Sit\u00ebn Digjitale t\u00eb Pikave t\u00eb Forta.<br \/>\nQ\u00ebndro kureshtar p\u00ebr m\u00ebnyr\u00ebn se si Sita e Pikave t\u00eb Forta do t\u00eb vazhdoj\u00eb t\u00eb zhvillohet.[\/et_pb_text][\/et_pb_column][\/et_pb_row][et_pb_row _builder_version=&#8221;4.27.4&#8243; custom_margin_tablet=&#8221;||||false|false&#8221; custom_margin_phone=&#8221;||||false|false&#8221; custom_margin_last_edited=&#8221;on|tablet&#8221; custom_padding=&#8221;||25px||false|false&#8221; global_colors_info=&#8221;{}&#8221; theme_builder_area=&#8221;post_content&#8221;][et_pb_column type=&#8221;4_4&#8243; _builder_version=&#8221;4.16&#8243; custom_padding=&#8221;|||&#8221; global_colors_info=&#8221;{}&#8221; custom_padding__hover=&#8221;|||&#8221; theme_builder_area=&#8221;post_content&#8221;][et_pb_button button_url=&#8221;https:\/\/ermutigungswelle.de\/sq\/sita-e-forcave-dixhitale\/&#8221; button_text=&#8221;Provoje Sit\u00ebn e Pikave t\u00eb Forta!&#8221; button_alignment=&#8221;center&#8221; _builder_version=&#8221;4.27.5&#8243; _module_preset=&#8221;default&#8221; custom_button=&#8221;on&#8221; button_text_color=&#8221;#FFFFFF&#8221; button_bg_color=&#8221;#356D9F&#8221; button_border_width=&#8221;0px&#8221; button_border_radius=&#8221;4px&#8221; button_font=&#8221;|||on|||||&#8221; button_use_icon=&#8221;off&#8221; transform_scale_last_edited=&#8221;off|desktop&#8221; transform_translate_tablet=&#8221;0px|0px&#8221; transform_translate_phone=&#8221;0px|0px&#8221; transform_translate_last_edited=&#8221;off|desktop&#8221; transform_translate_linked=&#8221;off&#8221; transform_rotate_last_edited=&#8221;off|desktop&#8221; transform_skew_last_edited=&#8221;off|desktop&#8221; transform_origin_last_edited=&#8221;off|desktop&#8221; transform_styles_last_edited=&#8221;off|desktop&#8221; custom_margin=&#8221;0px||||false|false&#8221; custom_margin_tablet=&#8221;30px||80px||false|false&#8221; custom_margin_phone=&#8221;30px||80px||false|false&#8221; custom_margin_last_edited=&#8221;off|desktop&#8221; custom_padding=&#8221;10px||10px||true|false&#8221; hover_enabled=&#8221;0&#8243; locked=&#8221;off&#8221; global_colors_info=&#8221;{}&#8221; button_text_size__hover_enabled=&#8221;on|hover&#8221; button_text_size__hover=&#8221;21px&#8221; theme_builder_area=&#8221;post_content&#8221; sticky_enabled=&#8221;0&#8243;][\/et_pb_button][\/et_pb_column][\/et_pb_row][\/et_pb_section]<\/p>\n","protected":false},"excerpt":{"rendered":"<p>St\u00e4rken55 \u2013 \u00cbndrra ime e dit\u00eblindjes55 \u2013 nj\u00eb num\u00ebr q\u00eb shpreh hir t\u00eb dyfisht\u00eb \u2013 p\u00ebr t\u00eb cilin kam edhe un\u00eb nevoj\u00eb. Por edhe p\u00ebr urt\u00ebsi, q\u00eb nuk \u00ebsht\u00eb vet\u00ebm dije, por sjell jet\u00eb, sh\u00ebrim dhe hir. K\u00ebt\u00eb ia uroj vetes. Kam nj\u00eb \u00ebnd\u00ebrr \u2013 ose m\u00eb mir\u00eb: nj\u00eb \u00ebnd\u00ebrr \u00ebsht\u00eb brenda meje. Nj\u00eb \u00ebnd\u00ebrr [&hellip;]<\/p>\n","protected":false},"author":2,"featured_media":5851,"parent":0,"menu_order":0,"comment_status":"closed","ping_status":"closed","template":"","meta":{"_acf_changed":false,"_et_pb_use_builder":"on","_et_pb_old_content":"","_et_gb_content_width":"","pmpro_default_level":"","footnotes":""},"class_list":["post-5852","page","type-page","status-publish","has-post-thumbnail","hentry","pmpro-has-access"],"acf":[],"_links":{"self":[{"href":"https:\/\/ermutigungswelle.de\/sq\/wp-json\/wp\/v2\/pages\/5852","targetHints":{"allow":["GET"]}}],"collection":[{"href":"https:\/\/ermutigungswelle.de\/sq\/wp-json\/wp\/v2\/pages"}],"about":[{"href":"https:\/\/ermutigungswelle.de\/sq\/wp-json\/wp\/v2\/types\/page"}],"author":[{"embeddable":true,"href":"https:\/\/ermutigungswelle.de\/sq\/wp-json\/wp\/v2\/users\/2"}],"replies":[{"embeddable":true,"href":"https:\/\/ermutigungswelle.de\/sq\/wp-json\/wp\/v2\/comments?post=5852"}],"version-history":[{"count":9,"href":"https:\/\/ermutigungswelle.de\/sq\/wp-json\/wp\/v2\/pages\/5852\/revisions"}],"predecessor-version":[{"id":5863,"href":"https:\/\/ermutigungswelle.de\/sq\/wp-json\/wp\/v2\/pages\/5852\/revisions\/5863"}],"wp:featuredmedia":[{"embeddable":true,"href":"https:\/\/ermutigungswelle.de\/sq\/wp-json\/wp\/v2\/media\/5851"}],"wp:attachment":[{"href":"https:\/\/ermutigungswelle.de\/sq\/wp-json\/wp\/v2\/media?parent=5852"}],"curies":[{"name":"wp","href":"https:\/\/api.w.org\/{rel}","templated":true}]}}